{"id":60,"date":"2021-07-31T19:14:24","date_gmt":"2021-07-31T17:14:24","guid":{"rendered":"http:\/\/zhyybur.cluster028.hosting.ovh.net\/?page_id=60"},"modified":"2021-08-30T20:12:02","modified_gmt":"2021-08-30T18:12:02","slug":"ma-pratique","status":"publish","type":"page","link":"https:\/\/naigeon-therapeute.fr\/index.php\/ma-pratique\/","title":{"rendered":"Mes pratiques"},"content":{"rendered":"\n<p class=\"has-black-color has-text-color has-normal-font-size\">J\u2019ai \u00e0 ma disposition plusieurs outils de Th\u00e9rapies Br\u00e8ves afin de r\u00e9pondre au mieux \u00e0 votre probl\u00e9matique. Ainsi en fonction de vos sympt\u00f4mes et de votre demande, j\u2019utilise la ou les technique(s) qui convien(nen)t. Ces techniques sont pragmatiques et orient\u00e9es \u00ab&nbsp;solutions&nbsp;\u00bb.<\/p>\n\n\n\n<p class=\"has-black-color has-text-color has-normal-font-size\">Vos r\u00e9ponses et vos solutions, celles qui fonctionnent, sont celles qui vous correspondent et sont adapt\u00e9es \u00e0 votre environnement.<\/p>\n\n\n\n<p class=\"has-black-color has-text-color has-normal-font-size\">Br\u00e8ve pr\u00e9sentation des techniques&nbsp;:<\/p>\n\n\n\n<ul class=\"has-black-color has-text-color has-normal-font-size\"><li><strong>La PNL (Programmation neuro-linguistique)<\/strong><br><br>Selon Richard Bandler, la PNL est le mode d\u2019emploi de votre cerveau. Chaque individu a sa fa\u00e7on de voir, de vivre, de lire, de sentir, de ressentir le monde et son monde. A chacun sa carte du monde et cette carte peut avoir besoin de changer.<\/li><\/ul>\n\n\n\n<ul class=\"has-black-color has-text-color has-normal-font-size\"><li><strong>La communication ericksonienne (Hypnose)<\/strong><br><br>L\u2019hypnose permet de faire taire votre conscient et d\u2019atteindre cette partie de vous \u00e0 laquelle vous n\u2019avez pas toujours acc\u00e8s\u00a0: votre inconscient. Ce dernier connait ce que votre conscient a oubli\u00e9 ou refoul\u00e9 et peut-\u00eatre source d\u2019informations ou de ressources.<\/li><\/ul>\n\n\n\n<ul class=\"has-black-color has-text-color has-normal-font-size\"><li><strong>L\u2019approche syst\u00e9mique<\/strong><br><br>Vous \u00eates un syst\u00e8me et vous appartenez \u00e0 des syst\u00e8mes (familial, conjugal, social, professionnel). Vous influez sur vos syst\u00e8mes comme vos syst\u00e8mes influent sur vous.<br>Cette approche comprend 4 niveaux logiques\u00a0qui sont chacun une technique \u00e0 part enti\u00e8re\u00a0:<br><ul><li>Approche transg\u00e9n\u00e9rationnelle\/contextuelle<\/li><li>Courant exp\u00e9rientiel<\/li><li>Mod\u00e8le structural<\/li><li>Approche strat\u00e9gique<\/li><\/ul><\/li><\/ul>\n\n\n\n<p><\/p>\n","protected":false},"excerpt":{"rendered":"<p>J\u2019ai \u00e0 ma disposition plusieurs outils de Th\u00e9rapies Br\u00e8ves afin de r\u00e9pondre au mieux \u00e0 votre probl\u00e9matique. Ainsi en fonction de vos sympt\u00f4mes et de votre demande, j\u2019utilise la ou les technique(s) qui convien(nen)t. Ces techniques sont pragmatiques et orient\u00e9es \u00ab&nbsp;solutions&nbsp;\u00bb. Vos r\u00e9ponses et vos solutions, celles qui fonctionnent, sont celles qui vous correspondent et<\/p>\n<div><a class=\"btn-filled btn\" href=\"https:\/\/naigeon-therapeute.fr\/index.php\/ma-pratique\/\" title=\"Mes pratiques\">Read More<\/a><\/div>\n","protected":false},"author":1,"featured_media":0,"parent":0,"menu_order":0,"comment_status":"closed","ping_status":"closed","template":"","meta":[],"_links":{"self":[{"href":"https:\/\/naigeon-therapeute.fr\/index.php\/wp-json\/wp\/v2\/pages\/60"}],"collection":[{"href":"https:\/\/naigeon-therapeute.fr\/index.php\/wp-json\/wp\/v2\/pages"}],"about":[{"href":"https:\/\/naigeon-therapeute.fr\/index.php\/wp-json\/wp\/v2\/types\/page"}],"author":[{"embeddable":true,"href":"https:\/\/naigeon-therapeute.fr\/index.php\/wp-json\/wp\/v2\/users\/1"}],"replies":[{"embeddable":true,"href":"https:\/\/naigeon-therapeute.fr\/index.php\/wp-json\/wp\/v2\/comments?post=60"}],"version-history":[{"count":8,"href":"https:\/\/naigeon-therapeute.fr\/index.php\/wp-json\/wp\/v2\/pages\/60\/revisions"}],"predecessor-version":[{"id":177,"href":"https:\/\/naigeon-therapeute.fr\/index.php\/wp-json\/wp\/v2\/pages\/60\/revisions\/177"}],"wp:attachment":[{"href":"https:\/\/naigeon-therapeute.fr\/index.php\/wp-json\/wp\/v2\/media?parent=60"}],"curies":[{"name":"wp","href":"https:\/\/api.w.org\/{rel}","templated":true}]}}