{"id":61,"date":"2021-07-31T19:14:24","date_gmt":"2021-07-31T17:14:24","guid":{"rendered":"http:\/\/zhyybur.cluster028.hosting.ovh.net\/?page_id=61"},"modified":"2021-08-30T19:28:37","modified_gmt":"2021-08-30T17:28:37","slug":"ma-philosophie-2","status":"publish","type":"page","link":"https:\/\/naigeon-therapeute.fr\/index.php\/ma-philosophie-2\/","title":{"rendered":"Ma philosophie"},"content":{"rendered":"\n<h2>Qu\u2019est-ce qu\u2019une psychoth\u00e9rapie&nbsp;?<\/h2>\n\n\n\n<p class=\"has-black-color has-text-color has-normal-font-size\">La psychoth\u00e9rapie est une pratique qui a pour objet le psychisme individuel et qui se donne les moyens techniques pour agir directement sur lui ou sur ses effets dans les conduites. Le vecteur principal de ce soin est <strong>la parole<\/strong>.<\/p>\n\n\n\n<p class=\"has-black-color has-text-color has-normal-font-size\">Il y a plusieurs techniques possibles comme la psychanalyse, la th\u00e9rapie humaniste, les th\u00e9rapies cognitives et comportementales et l\u2019approche syst\u00e9mique.<\/p>\n\n\n\n<p class=\"has-black-color has-text-color has-normal-font-size\">Il vous appartient de trouver la technique qui vous convient et \u00e0 ce titre vous avez le droit d\u2019en essayer plusieurs. Chaque technique a ses sp\u00e9cificit\u00e9s (philosophie, dur\u00e9e, cadre, posture, \u2026 ) avec un but commun celui de votre mieux-\u00eatre.<\/p>\n\n\n\n<p class=\"has-black-color has-text-color has-normal-font-size\">Quel que soit votre choix, le plus important est que vous trouviez quelqu\u2019un avec qui vous \u00eates en confiance, En effet, pendant les s\u00e9ances, vous confiez votre histoire, vos doutes, vos questionnements, vous partagez vos ressentis, vos col\u00e8res, pour faire simple vous ouvrez votre \u00ab&nbsp;boite noire&nbsp;\u00bb.<\/p>\n\n\n\n<p class=\"has-black-color has-text-color has-normal-font-size\">Vous choisissez donc une technique et un th\u00e9rapeute.<\/p>\n\n\n\n<h2>Qu\u2019est-ce qu\u2019un psychopraticien relationnel&nbsp;?<\/h2>\n\n\n\n<p class=\"has-black-color has-text-color has-normal-font-size\">Des repr\u00e9sentations diverses et vari\u00e9es permettent de se faire une id\u00e9e d\u2019un psychoth\u00e9rapeute, d\u2019un psychiatre, d\u2019un psychologue ou m\u00eame d\u2019un psychanalyste mais plus rarement de celle de psychopraticien relationnel.<\/p>\n\n\n\n<p class=\"has-black-color has-text-color has-normal-font-size\">Un psychopraticien relationnel pratique la psychoth\u00e9rapie, c\u2019est-\u00e0-dire les soins non m\u00e9dicaux de la psych\u00e9, par l\u2019\u00e9coute ou \u00e0 l\u2019aide de techniques actives, soit en s\u00e9ances individuelles soit en groupe. Il s\u2019occupe de la personne en difficult\u00e9 hors volet m\u00e9dical et prescription m\u00e9dicamenteuse.<\/p>\n\n\n\n<p class=\"has-black-color has-text-color has-normal-font-size\">Un psychopraticien relationnel a suivi une psychoth\u00e9rapie personnelle approfondie et une importante formation th\u00e9orico-pratique dans une ou plusieurs \u00e9coles reconnues.<\/p>\n\n\n\n<blockquote class=\"wp-block-quote\"><p><strong>Choisir son th\u00e9rapeute est avant tout une rencontre humaine<\/strong>.<\/p><\/blockquote>\n\n\n\n<h2>Qu\u2019est-ce que la parole&nbsp;?<\/h2>\n\n\n\n<p class=\"has-black-color has-text-color has-normal-font-size\">La psychoth\u00e9rapie est un soin par la parole. Or, dans la parole, il y a plus que les mots.<\/p>\n\n\n\n<p class=\"has-black-color has-text-color has-normal-font-size\">Le terme de communication est plus complet, communiquer est ce qui rend possible toute interaction.<\/p>\n\n\n\n<p class=\"has-black-color has-text-color has-normal-font-size\">Dans \u00ab&nbsp;une logique de communication&nbsp;\u00bb (P. Watzlawick) \u00e9crit <strong>\u00ab&nbsp;on ne peut pas ne pas communiquer&nbsp;\u00bb.<\/strong><\/p>\n\n\n\n<p class=\"has-black-color has-text-color has-normal-font-size\">Ainsi que vous disiez quelque chose ou que vous restiez silencieux, il y a un message qui est envoy\u00e9.<\/p>\n\n\n\n<p class=\"has-black-color has-text-color has-normal-font-size\">La communication a 2 grands axes&nbsp;:<\/p>\n\n\n\n<ul class=\"has-black-color has-text-color has-normal-font-size\"><li>Le verbal&nbsp;: le contenu (les mots, la grammaire, tout ce qui participe \u00e0 la langue)<\/li><\/ul>\n\n\n\n<ul class=\"has-black-color has-text-color has-normal-font-size\"><li>Le non verbal\/le paraverbal&nbsp;: passe par votre corps (posture, expression du visage, vos gestes) votre voix (rythme, respiration, ton, intonation, timbre)<\/li><\/ul>\n\n\n\n<p class=\"has-black-color has-text-color has-normal-font-size\">Comme vous commencez \u00e0 le pressentir, les sources d\u2019erreurs, de mauvaises interpr\u00e9tations et de conflits sont nombreuses.<\/p>\n\n\n\n<p class=\"has-black-color has-text-color has-normal-font-size\">Si \u00e0 cela, vous ajoutez par exemple, vos attentes, votre sensibilit\u00e9, votre humeur, vos sentiments, votre \u00e9tat de forme, cela peut vite devenir inextricable.<\/p>\n\n\n\n<p class=\"has-black-color has-text-color has-normal-font-size\">Il y a les mots que vous entendez et les ressentis que vous avez. Les 2 peuvent vous sembler en harmonie, le message est donc clair alors que cela ne l\u2019est pas et r\u00e9ciproquement.<\/p>\n\n\n\n<p class=\"has-black-color has-text-color has-normal-font-size\">Sachant qu\u2019en plus, un individu interagit toujours de la m\u00eame fa\u00e7on, cela vient complexifier vos relations.<\/p>\n\n\n\n<p class=\"has-black-color has-text-color has-normal-font-size\">Pour sortir de \u00e7a, l\u2019unique moyen est de v\u00e9rifier syst\u00e9matiquement si votre compr\u00e9hension du message est la bonne. Or, nous ne sommes pas habitu\u00e9s \u00e0 agir de la sorte.<\/p>\n\n\n\n<p class=\"has-black-color has-text-color has-normal-font-size\">Vous communiquez avec votre th\u00e9rapeute et le th\u00e9rapeute communique avec vous. La confiance est donc primordiale dans les \u00e9changes.<\/p>\n","protected":false},"excerpt":{"rendered":"<p>Qu\u2019est-ce qu\u2019une psychoth\u00e9rapie&nbsp;? La psychoth\u00e9rapie est une pratique qui a pour objet le psychisme individuel et qui se donne les moyens techniques pour agir directement sur lui ou sur ses effets dans les conduites. Le vecteur principal de ce soin est la parole. Il y a plusieurs techniques possibles comme la psychanalyse, la th\u00e9rapie humaniste,<\/p>\n<div><a class=\"btn-filled btn\" href=\"https:\/\/naigeon-therapeute.fr\/index.php\/ma-philosophie-2\/\" title=\"Ma philosophie\">Read More<\/a><\/div>\n","protected":false},"author":1,"featured_media":0,"parent":0,"menu_order":0,"comment_status":"closed","ping_status":"closed","template":"","meta":[],"_links":{"self":[{"href":"https:\/\/naigeon-therapeute.fr\/index.php\/wp-json\/wp\/v2\/pages\/61"}],"collection":[{"href":"https:\/\/naigeon-therapeute.fr\/index.php\/wp-json\/wp\/v2\/pages"}],"about":[{"href":"https:\/\/naigeon-therapeute.fr\/index.php\/wp-json\/wp\/v2\/types\/page"}],"author":[{"embeddable":true,"href":"https:\/\/naigeon-therapeute.fr\/index.php\/wp-json\/wp\/v2\/users\/1"}],"replies":[{"embeddable":true,"href":"https:\/\/naigeon-therapeute.fr\/index.php\/wp-json\/wp\/v2\/comments?post=61"}],"version-history":[{"count":6,"href":"https:\/\/naigeon-therapeute.fr\/index.php\/wp-json\/wp\/v2\/pages\/61\/revisions"}],"predecessor-version":[{"id":174,"href":"https:\/\/naigeon-therapeute.fr\/index.php\/wp-json\/wp\/v2\/pages\/61\/revisions\/174"}],"wp:attachment":[{"href":"https:\/\/naigeon-therapeute.fr\/index.php\/wp-json\/wp\/v2\/media?parent=61"}],"curies":[{"name":"wp","href":"https:\/\/api.w.org\/{rel}","templated":true}]}}