{"id":62,"date":"2021-07-31T19:14:24","date_gmt":"2021-07-31T17:14:24","guid":{"rendered":"http:\/\/zhyybur.cluster028.hosting.ovh.net\/?page_id=62"},"modified":"2026-04-13T10:34:06","modified_gmt":"2026-04-13T08:34:06","slug":"informations-utiles","status":"publish","type":"page","link":"https:\/\/naigeon-therapeute.fr\/index.php\/informations-utiles\/","title":{"rendered":"Informations utiles"},"content":{"rendered":"\n<h3>Le co\u00fbt<\/h3>\n\n\n\n<p class=\"has-black-color has-text-color has-normal-font-size\">Le prix d\u2019une s\u00e9ance varie entre 50 et 120 \u20ac selon les techniques et le lieu d\u2019exercice. Ces s\u00e9ances ne sont pas remboursables par la S\u00e9curit\u00e9 Sociale (\u00e0 l\u2019exception des psychiatres).<\/p>\n\n\n\n<p class=\"has-black-color has-text-color has-normal-font-size\">Tarif de la consultation individuelle&nbsp;: 75 \u20ac <\/p>\n\n\n\n<p class=\"has-black-color has-text-color has-normal-font-size\">Tarif de la consultation conjugale : 90 \u20ac<\/p>\n\n\n\n<p class=\"has-black-color has-text-color has-normal-font-size\">Ch\u00e8que ou esp\u00e8ces<\/p>\n\n\n\n<h3>Les s\u00e9ances<\/h3>\n\n\n\n<p class=\"has-black-color has-text-color has-normal-font-size\">En pr\u00e9sentiel ou en visio<\/p>\n\n\n\n<ul class=\"has-black-color has-text-color has-normal-font-size\"><li><span style=\"color: initial;\">La 1<\/span><sup style=\"color: initial;\">\u00e8re<\/sup><\/li><\/ul>\n\n\n\n<p class=\"has-black-color has-text-color has-normal-font-size\">Le th\u00e9rapeute vous explique sa technique et \u00e9change avec vous afin de prendre connaissance de votre environnement et du probl\u00e8me. Ensuite, il dessine une orientation de prise en charge.<\/p>\n\n\n\n<ul class=\"has-black-color has-text-color has-normal-font-size\"><li>Les suivantes<\/li><\/ul>\n\n\n\n<p class=\"has-black-color has-text-color has-normal-font-size\">Imaginez que vous faites une randonn\u00e9e en territoire inconnu avec un guide exp\u00e9riment\u00e9. M\u00eame s\u2019il ne peut pas changer les conditions climatiques et le terrain, il vous guide, vous assure, s\u2019adapte \u00e0 votre rythme et vous permet d\u2019avancer vers votre destination. Destination qui se d\u00e9couvre au fur et \u00e0 mesure de votre progression.<\/p>\n\n\n\n<h3>La fr\u00e9quence<\/h3>\n\n\n\n<p class=\"has-black-color has-text-color has-normal-font-size\">Mes techniques font parties des Th\u00e9rapies Br\u00e8ves donc nous ne nous verrons pas 10 ans.<\/p>\n\n\n\n<p class=\"has-black-color has-text-color has-normal-font-size\">M\u00eame si au d\u00e9but du processus et en fonction de l\u2019urgence, il est pr\u00e9f\u00e9rable de nous rencontrer une fois par semaine, les s\u00e9ances peuvent s\u2019espacer \u00e0 une s\u00e9ance toutes les 2 ou 3 semaines ou plus en fonction de ce qui est possible pour vous.<\/p>\n\n\n\n<h3>Le terme<\/h3>\n\n\n\n<ul class=\"has-black-color has-text-color has-normal-font-size\"><li>Vous \u00eates arriv\u00e9s au bout de votre chemin.<\/li><\/ul>\n\n\n\n<ul class=\"has-black-color has-text-color has-normal-font-size\"><li>Vous voulez arr\u00eater pour des raisons personnelles, c\u2019est tout \u00e0 fait votre droit tout comme celui de reprendre. Vous n\u2019avez pas \u00e0 vous justifier. Dans la mesure du possible, une derni\u00e8re s\u00e9ance de synth\u00e8se de vos avanc\u00e9es est une ressource \u00e0 emporter.<\/li><\/ul>\n\n\n\n<h3>Me contacter<\/h3>\n\n\n\n<p class=\"has-black-color has-text-color has-normal-font-size\">T\u00e9l\u00e9phone : 06 40 44 42 19<\/p>\n\n\n\n<p class=\"has-black-color has-text-color has-normal-font-size\">Mail : therapeutenaigeon@gmail.com<\/p>\n\n\n\n<p class=\"has-black-color has-text-color has-normal-font-size\">Adresse : 67, avenue de Verdun ( immeuble sur la droite \u00e0 l&#8217;entr\u00e9e de la zone d&#8217;activit\u00e9 )- 77470 Trilport<\/p>\n\n\n\n<p class=\"has-black-color has-text-color has-medium-font-size\">Pour les Urgences : contacter le 15<\/p>\n\n\n\n<p><\/p>\n","protected":false},"excerpt":{"rendered":"<p>Le co\u00fbt Le prix d\u2019une s\u00e9ance varie entre 50 et 120 \u20ac selon les techniques et le lieu d\u2019exercice. Ces s\u00e9ances ne sont pas remboursables par la S\u00e9curit\u00e9 Sociale (\u00e0 l\u2019exception des psychiatres). Tarif de la consultation individuelle&nbsp;: 75 \u20ac Tarif de la consultation conjugale : 90 \u20ac Ch\u00e8que ou esp\u00e8ces Les s\u00e9ances En pr\u00e9sentiel<\/p>\n<div><a class=\"btn-filled btn\" href=\"https:\/\/naigeon-therapeute.fr\/index.php\/informations-utiles\/\" title=\"Informations utiles\">Read More<\/a><\/div>\n","protected":false},"author":1,"featured_media":0,"parent":0,"menu_order":0,"comment_status":"closed","ping_status":"closed","template":"","meta":[],"_links":{"self":[{"href":"https:\/\/naigeon-therapeute.fr\/index.php\/wp-json\/wp\/v2\/pages\/62"}],"collection":[{"href":"https:\/\/naigeon-therapeute.fr\/index.php\/wp-json\/wp\/v2\/pages"}],"about":[{"href":"https:\/\/naigeon-therapeute.fr\/index.php\/wp-json\/wp\/v2\/types\/page"}],"author":[{"embeddable":true,"href":"https:\/\/naigeon-therapeute.fr\/index.php\/wp-json\/wp\/v2\/users\/1"}],"replies":[{"embeddable":true,"href":"https:\/\/naigeon-therapeute.fr\/index.php\/wp-json\/wp\/v2\/comments?post=62"}],"version-history":[{"count":17,"href":"https:\/\/naigeon-therapeute.fr\/index.php\/wp-json\/wp\/v2\/pages\/62\/revisions"}],"predecessor-version":[{"id":216,"href":"https:\/\/naigeon-therapeute.fr\/index.php\/wp-json\/wp\/v2\/pages\/62\/revisions\/216"}],"wp:attachment":[{"href":"https:\/\/naigeon-therapeute.fr\/index.php\/wp-json\/wp\/v2\/media?parent=62"}],"curies":[{"name":"wp","href":"https:\/\/api.w.org\/{rel}","templated":true}]}}