{"id":89,"date":"2021-08-01T15:31:52","date_gmt":"2021-08-01T13:31:52","guid":{"rendered":"http:\/\/zhyybur.cluster028.hosting.ovh.net\/?page_id=89"},"modified":"2021-08-01T16:49:45","modified_gmt":"2021-08-01T14:49:45","slug":"pnl","status":"publish","type":"page","link":"https:\/\/naigeon-therapeute.fr\/index.php\/pnl\/","title":{"rendered":"PNL"},"content":{"rendered":"\n<h3>Programmation neuro-linguistique<\/h3>\n\n\n\n<p class=\"has-black-color has-text-color has-normal-font-size\">Tout d\u2019abord, explicitons le sens de ces mots.<\/p>\n\n\n\n<ul class=\"has-black-color has-text-color has-normal-font-size\"><li>Programmation&nbsp;: programmes mentaux conscients et inconscients<\/li><li>Neuro&nbsp;: syst\u00e8me neurologique c\u2019est-\u00e0-dire le cerveau, le syst\u00e8me nerveux<\/li><li>Linguistique&nbsp;: langages verbal, non verbal et para verbal.<\/li><\/ul>\n\n\n\n<p class=\"has-black-color has-text-color has-normal-font-size\">Comme le disait Richard Bandler (un des 2 fondateurs de cet outil), la PNL est le mode d\u2019emploi de votre cerveau.<\/p>\n\n\n\n<p class=\"has-black-color has-text-color has-normal-font-size\">Chaque individu a sa propre carte du monde parce que cette vision passe par 3 filtres&nbsp;:<\/p>\n\n\n\n<ul class=\"has-black-color has-text-color has-normal-font-size\"><li>Vos sens<\/li><li>Votre langue maternelle (richesse, nuance)<\/li><li>Votre histoire<\/li><\/ul>\n\n\n\n<p class=\"has-black-color has-text-color has-normal-font-size\">Qui passent aussi par 3 processus&nbsp;:<\/p>\n\n\n\n<ul class=\"has-black-color has-text-color has-normal-font-size\"><li>La s\u00e9lection&nbsp;: faire un tri sur ce qui est pris ou non comme information<\/li><li>La g\u00e9n\u00e9ralisation&nbsp;: \u00e9chafauder une hypoth\u00e8se \u00e0 partir d\u2019exemples connus<\/li><li>La distorsion&nbsp;: ajuster ce qui est vu avec ce qui est cru<\/li><\/ul>\n\n\n\n<p class=\"has-black-color has-text-color has-normal-font-size\">Vous comprenez alors que votre lecture du monde est une construction mentale et qu\u2019elle peut vous aider mais \u00e9galement vous nuire. Cette construction peut donc \u00eatre modifi\u00e9e \u00e0 votre avantage. La PNL permet d\u2019agir sur vos comportements.<\/p>\n\n\n\n<figure class=\"wp-block-image size-large\"><img src=\"https:\/\/etreenfinsoiparlamessageredelame.files.wordpress.com\/2017\/07\/le-6-9.jpg?w=640\" alt=\"\"\/><figcaption><strong>Pour illustrer ce propos, je vous laisse imaginer ce que cela peut donner comme \u00e9change.<\/strong><\/figcaption><\/figure>\n\n\n\n<p><\/p>\n","protected":false},"excerpt":{"rendered":"<p>Programmation neuro-linguistique Tout d\u2019abord, explicitons le sens de ces mots. Programmation&nbsp;: programmes mentaux conscients et inconscients Neuro&nbsp;: syst\u00e8me neurologique c\u2019est-\u00e0-dire le cerveau, le syst\u00e8me nerveux Linguistique&nbsp;: langages verbal, non verbal et para verbal. Comme le disait Richard Bandler (un des 2 fondateurs de cet outil), la PNL est le mode d\u2019emploi de votre cerveau. Chaque<\/p>\n<div><a class=\"btn-filled btn\" href=\"https:\/\/naigeon-therapeute.fr\/index.php\/pnl\/\" title=\"PNL\">Read More<\/a><\/div>\n","protected":false},"author":1,"featured_media":0,"parent":0,"menu_order":0,"comment_status":"closed","ping_status":"closed","template":"","meta":[],"_links":{"self":[{"href":"https:\/\/naigeon-therapeute.fr\/index.php\/wp-json\/wp\/v2\/pages\/89"}],"collection":[{"href":"https:\/\/naigeon-therapeute.fr\/index.php\/wp-json\/wp\/v2\/pages"}],"about":[{"href":"https:\/\/naigeon-therapeute.fr\/index.php\/wp-json\/wp\/v2\/types\/page"}],"author":[{"embeddable":true,"href":"https:\/\/naigeon-therapeute.fr\/index.php\/wp-json\/wp\/v2\/users\/1"}],"replies":[{"embeddable":true,"href":"https:\/\/naigeon-therapeute.fr\/index.php\/wp-json\/wp\/v2\/comments?post=89"}],"version-history":[{"count":5,"href":"https:\/\/naigeon-therapeute.fr\/index.php\/wp-json\/wp\/v2\/pages\/89\/revisions"}],"predecessor-version":[{"id":156,"href":"https:\/\/naigeon-therapeute.fr\/index.php\/wp-json\/wp\/v2\/pages\/89\/revisions\/156"}],"wp:attachment":[{"href":"https:\/\/naigeon-therapeute.fr\/index.php\/wp-json\/wp\/v2\/media?parent=89"}],"curies":[{"name":"wp","href":"https:\/\/api.w.org\/{rel}","templated":true}]}}