{"id":90,"date":"2021-08-01T15:31:53","date_gmt":"2021-08-01T13:31:53","guid":{"rendered":"http:\/\/zhyybur.cluster028.hosting.ovh.net\/?page_id=90"},"modified":"2021-08-01T16:23:23","modified_gmt":"2021-08-01T14:23:23","slug":"approche-systemique","status":"publish","type":"page","link":"https:\/\/naigeon-therapeute.fr\/index.php\/approche-systemique\/","title":{"rendered":"Approche syst\u00e9mique"},"content":{"rendered":"\n<p class=\"has-black-color has-text-color has-normal-font-size\">Un syst\u00e8me est un ensemble organis\u00e9 d\u2019\u00e9l\u00e9ments en interaction dans un contexte donn\u00e9 avec une finalit\u00e9 et en \u00e9volution.<\/p>\n\n\n\n<p class=\"has-black-color has-text-color has-normal-font-size\">Le th\u00e9rapeute est un guide, un soutien et un appui. Il s\u2019engage personnellement dans votre chemin tout en restant \u00e0 sa juste place.<\/p>\n\n\n\n<p class=\"has-black-color has-text-color has-normal-font-size\">Vous \u00eates un \u00e9l\u00e9ment du syst\u00e8me et m\u00eame de plusieurs et \u00eates en interaction avec chacun. Il y a une influence mutuelle. Chaque membre est un individu \u00e0 part enti\u00e8re et un membre actif de chaque syst\u00e8me.<\/p>\n\n\n\n<p class=\"has-black-color has-text-color has-normal-font-size\">La th\u00e9rapie syst\u00e9mique prend en compte l\u2019individu en tant que tel avec sa vision du monde et \u00e9galement les syst\u00e8mes auxquels il appartient.<\/p>\n\n\n\n<p class=\"has-black-color has-text-color has-normal-font-size\">De cette fa\u00e7on, il est possible de d\u00e9crypter les diff\u00e9rentes influences qui vous construisent ou vous ont construit.<\/p>\n\n\n\n<p class=\"has-black-color has-text-color has-normal-font-size\">Votre syst\u00e8me familial d\u2019origine imprime des valeurs, des comportements, des attitudes, des fonctions, des injonctions qu\u2019il est indispensable de d\u00e9coder pour pouvoir les laisser derri\u00e8re soi.<\/p>\n\n\n\n<p class=\"has-black-color has-text-color has-normal-font-size\">A cette situation habituelle peut venir se greffer des secrets, des non-dits r\u00e9cents ou pass\u00e9s qui complexifient un peu plus la lecture de ce qui a particip\u00e9 \u00e0 votre construction.<\/p>\n\n\n\n<p class=\"has-black-color has-text-color has-normal-font-size\">Les mots, les faits, les interpr\u00e9tations, les ressentis, les sensations, les secrets, les non-dits, le silence, les acceptations tacites, les injonctions, les fonctions, tous ces \u00e9l\u00e9ments sont des informations sur ce qui s\u2019est jou\u00e9 ou se joue.<\/p>\n\n\n\n<p class=\"has-black-color has-text-color has-normal-font-size\">A votre naissance, vous avez eu des lunettes sur le nez et vous avez regard\u00e9 le monde \u00e0 travers ce prisme. D\u00e9crypter votre syst\u00e8me c\u2019est enlever ces lunettes afin que vous regardiez le monde avec vos propres lunettes et vos yeux.<\/p>\n\n\n\n<p class=\"has-black-color has-text-color has-normal-font-size\">Le monde change alors de couleurs et votre fa\u00e7on de vivre votre vie \u00e9galement.<\/p>\n","protected":false},"excerpt":{"rendered":"<p>Un syst\u00e8me est un ensemble organis\u00e9 d\u2019\u00e9l\u00e9ments en interaction dans un contexte donn\u00e9 avec une finalit\u00e9 et en \u00e9volution. Le th\u00e9rapeute est un guide, un soutien et un appui. Il s\u2019engage personnellement dans votre chemin tout en restant \u00e0 sa juste place. Vous \u00eates un \u00e9l\u00e9ment du syst\u00e8me et m\u00eame de plusieurs et \u00eates en<\/p>\n<div><a class=\"btn-filled btn\" href=\"https:\/\/naigeon-therapeute.fr\/index.php\/approche-systemique\/\" title=\"Approche syst\u00e9mique\">Read More<\/a><\/div>\n","protected":false},"author":1,"featured_media":0,"parent":0,"menu_order":0,"comment_status":"closed","ping_status":"closed","template":"","meta":[],"_links":{"self":[{"href":"https:\/\/naigeon-therapeute.fr\/index.php\/wp-json\/wp\/v2\/pages\/90"}],"collection":[{"href":"https:\/\/naigeon-therapeute.fr\/index.php\/wp-json\/wp\/v2\/pages"}],"about":[{"href":"https:\/\/naigeon-therapeute.fr\/index.php\/wp-json\/wp\/v2\/types\/page"}],"author":[{"embeddable":true,"href":"https:\/\/naigeon-therapeute.fr\/index.php\/wp-json\/wp\/v2\/users\/1"}],"replies":[{"embeddable":true,"href":"https:\/\/naigeon-therapeute.fr\/index.php\/wp-json\/wp\/v2\/comments?post=90"}],"version-history":[{"count":3,"href":"https:\/\/naigeon-therapeute.fr\/index.php\/wp-json\/wp\/v2\/pages\/90\/revisions"}],"predecessor-version":[{"id":143,"href":"https:\/\/naigeon-therapeute.fr\/index.php\/wp-json\/wp\/v2\/pages\/90\/revisions\/143"}],"wp:attachment":[{"href":"https:\/\/naigeon-therapeute.fr\/index.php\/wp-json\/wp\/v2\/media?parent=90"}],"curies":[{"name":"wp","href":"https:\/\/api.w.org\/{rel}","templated":true}]}}