{"id":91,"date":"2021-08-01T15:31:53","date_gmt":"2021-08-01T13:31:53","guid":{"rendered":"http:\/\/zhyybur.cluster028.hosting.ovh.net\/?page_id=91"},"modified":"2021-08-30T19:32:58","modified_gmt":"2021-08-30T17:32:58","slug":"hypnose","status":"publish","type":"page","link":"https:\/\/naigeon-therapeute.fr\/index.php\/hypnose\/","title":{"rendered":"Hypnose"},"content":{"rendered":"\n<p class=\"has-black-color has-text-color has-normal-font-size\">La communication ericksonienne plus connue sous le terme d\u2019hypnose ericksonienne<\/p>\n\n\n\n<p class=\"has-black-color has-text-color has-normal-font-size\">Si nous sommes conscients de nos pens\u00e9es, de nos raisonnements, de nos actions nous ne le sommes pas toujours de ce qui nous y am\u00e8nent o\u00f9 de ce qui nous motivent.<\/p>\n\n\n\n<p class=\"has-black-color has-text-color has-normal-font-size\">Notre inconscient est partie prenante de notre fonctionnement m\u00eame s\u2019il est difficile d\u2019en estimer le niveau<\/p>\n\n\n\n<p class=\"has-black-color has-text-color has-normal-font-size\">En effet, cela peut aller d\u2019un automatisme (le sujet est tellement connu ou int\u00e9gr\u00e9 qu\u2019il est inutile de r\u00e9fl\u00e9chir) jusqu\u2019\u00e0 \u00ab\u00a0cacher\u00a0\u00bb (le sujet est sensible et pour nous prot\u00e9ger notre cerveau nous emp\u00eache d\u2019y acc\u00e9der).<\/p>\n\n\n\n<p class=\"has-black-color has-text-color has-normal-font-size\">Toutes nos exp\u00e9riences, informations, notre vie sont stock\u00e9es quelque part dans notre inconscient et parfois il est important d\u2019aller chercher des \u00e9l\u00e9ments pour pouvoir avancer.<\/p>\n\n\n\n<p class=\"has-black-color has-text-color has-normal-font-size\">Votre conscient a un objectif que votre inconscient refuse, vous allez aux devants de d\u00e9sillusions.<\/p>\n\n\n\n<p class=\"has-black-color has-text-color has-normal-font-size\">L\u2019hypnose permet de faire taire votre conscient qui peut freiner les changements souhait\u00e9s et d\u2019acc\u00e9der \u00e0 cette partie de vous qui veut changer.<\/p>\n\n\n\n<p class=\"has-black-color has-text-color has-normal-font-size\">L\u2019hypnose s\u2019ajuste \u00e0 votre carte du monde afin d\u2019atteindre votre inconscient et qu\u2019il soit r\u00e9ceptif.<\/p>\n\n\n\n<p class=\"has-black-color has-text-color has-normal-font-size\">L\u2019hypnose est un moyen de faire tomber vos barri\u00e8res mentales tout en gardant le contr\u00f4le de ce que vous faites.<\/p>\n","protected":false},"excerpt":{"rendered":"<p>La communication ericksonienne plus connue sous le terme d\u2019hypnose ericksonienne Si nous sommes conscients de nos pens\u00e9es, de nos raisonnements, de nos actions nous ne le sommes pas toujours de ce qui nous y am\u00e8nent o\u00f9 de ce qui nous motivent. Notre inconscient est partie prenante de notre fonctionnement m\u00eame s\u2019il est difficile d\u2019en estimer<\/p>\n<div><a class=\"btn-filled btn\" href=\"https:\/\/naigeon-therapeute.fr\/index.php\/hypnose\/\" title=\"Hypnose\">Read More<\/a><\/div>\n","protected":false},"author":1,"featured_media":0,"parent":0,"menu_order":0,"comment_status":"closed","ping_status":"closed","template":"","meta":[],"_links":{"self":[{"href":"https:\/\/naigeon-therapeute.fr\/index.php\/wp-json\/wp\/v2\/pages\/91"}],"collection":[{"href":"https:\/\/naigeon-therapeute.fr\/index.php\/wp-json\/wp\/v2\/pages"}],"about":[{"href":"https:\/\/naigeon-therapeute.fr\/index.php\/wp-json\/wp\/v2\/types\/page"}],"author":[{"embeddable":true,"href":"https:\/\/naigeon-therapeute.fr\/index.php\/wp-json\/wp\/v2\/users\/1"}],"replies":[{"embeddable":true,"href":"https:\/\/naigeon-therapeute.fr\/index.php\/wp-json\/wp\/v2\/comments?post=91"}],"version-history":[{"count":5,"href":"https:\/\/naigeon-therapeute.fr\/index.php\/wp-json\/wp\/v2\/pages\/91\/revisions"}],"predecessor-version":[{"id":175,"href":"https:\/\/naigeon-therapeute.fr\/index.php\/wp-json\/wp\/v2\/pages\/91\/revisions\/175"}],"wp:attachment":[{"href":"https:\/\/naigeon-therapeute.fr\/index.php\/wp-json\/wp\/v2\/media?parent=91"}],"curies":[{"name":"wp","href":"https:\/\/api.w.org\/{rel}","templated":true}]}}